{"id":2515,"date":"2022-09-27T05:59:01","date_gmt":"2022-09-27T09:59:01","guid":{"rendered":"http:\/\/54.235.7.55\/donar-ahora\/donacion-unica\/"},"modified":"2022-12-12T14:27:27","modified_gmt":"2022-12-12T19:27:27","slug":"donacion-unica","status":"publish","type":"page","link":"https:\/\/lighthousemi.org\/es\/donar-ahora\/donacion-unica\/","title":{"rendered":"Donaci\u00f3n \u00fanica"},"content":{"rendered":"<div id=\"modal-ready\">\t\t<div data-elementor-type=\"wp-page\" data-elementor-id=\"2515\" class=\"elementor elementor-2515\" data-elementor-post-type=\"page\">\n\t\t\t\t\t\t<section class=\"elementor-section elementor-top-section elementor-element elementor-element-16816b2 elementor-section-boxed elementor-section-height-default elementor-section-height-default\" data-id=\"16816b2\" data-element_type=\"section\">\n\t\t\t\t\t\t<div class=\"elementor-container elementor-column-gap-default\">\n\t\t\t\t\t<div class=\"elementor-column elementor-col-100 elementor-top-column elementor-element elementor-element-260928d\" data-id=\"260928d\" data-element_type=\"column\">\n\t\t\t<div class=\"elementor-widget-wrap elementor-element-populated\">\n\t\t\t\t\t\t<section class=\"elementor-section elementor-inner-section elementor-element elementor-element-adc571b elementor-section-boxed elementor-section-height-default elementor-section-height-default\" data-id=\"adc571b\" data-element_type=\"section\">\n\t\t\t\t\t\t<div class=\"elementor-container elementor-column-gap-default\">\n\t\t\t\t\t<div class=\"elementor-column elementor-col-100 elementor-inner-column elementor-element elementor-element-226b1e6\" data-id=\"226b1e6\" data-element_type=\"column\">\n\t\t\t<div class=\"elementor-widget-wrap elementor-element-populated\">\n\t\t\t\t\t\t<div class=\"elementor-element elementor-element-229d921 elementor-widget elementor-widget-heading\" data-id=\"229d921\" data-element_type=\"widget\" data-widget_type=\"heading.default\">\n\t\t\t\t<div class=\"elementor-widget-container\">\n\t\t\t\t\t<h2 class=\"elementor-heading-title elementor-size-default\">Haga un regalo \u00fanico hoy mismo.<\/h2>\t\t\t\t<\/div>\n\t\t\t\t<\/div>\n\t\t\t\t<div class=\"elementor-element elementor-element-5982f20 elementor-widget elementor-widget-text-editor\" data-id=\"5982f20\" data-element_type=\"widget\" data-widget_type=\"text-editor.default\">\n\t\t\t\t<div class=\"elementor-widget-container\">\n\t\t\t\t\t\t\t\t\t<p>Su donaci\u00f3n ayudar\u00e1 a apoyar la misi\u00f3n de Lighthouse de construir comunidades equitativas que alivien la pobreza. Proporcionar\u00e1 refugio de emergencia, alimentos, apoyo a la vivienda, atenci\u00f3n de seguimiento y mucho m\u00e1s a las familias locales necesitadas.<\/p>\n\t\t\t\t\t\t\t\t<\/div>\n\t\t\t\t<\/div>\n\t\t\t\t<div class=\"elementor-element elementor-element-6ccbef7 elementor-widget elementor-widget-html\" data-id=\"6ccbef7\" data-element_type=\"widget\" data-widget_type=\"html.default\">\n\t\t\t\t<div class=\"elementor-widget-container\">\n\t\t\t\t\t<div id=\"bbox-root\"><\/div>\n<script type=\"text\/javascript\">\n    window.bboxInit = function () {\n        bbox.showForm('aea05f3a-110a-4708-b0a8-e6e5613816fb');\n        };\n    (function () {\n        var e = document.createElement('script'); e.async = true;\n            e.src = 'https:\/\/bbox.blackbaudhosting.com\/webforms\/bbox-min.js';\n            document.getElementsByTagName('head')[0].appendChild(e);\n        } ());\n<\/script>\t\t\t\t<\/div>\n\t\t\t\t<\/div>\n\t\t\t\t<div class=\"elementor-element elementor-element-04cc3d4 elementor-cta--layout-image-left elementor-cta--mobile-layout-image-above elementor-cta--skin-classic elementor-animated-content elementor-bg-transform elementor-bg-transform-zoom-in elementor-widget elementor-widget-call-to-action\" data-id=\"04cc3d4\" data-element_type=\"widget\" data-widget_type=\"call-to-action.default\">\n\t\t\t\t<div class=\"elementor-widget-container\">\n\t\t\t\t\t\t\t<div class=\"elementor-cta\">\n\t\t\t\t\t<div class=\"elementor-cta__bg-wrapper\">\n\t\t\t\t<div class=\"elementor-cta__bg elementor-bg\" style=\"background-image: url(https:\/\/cdn.lighthousemi.org\/wp-content\/uploads\/2022\/09\/11133145\/Family-1024x683.jpg);\" role=\"img\" aria-label=\"Family\"><\/div>\n\t\t\t\t<div class=\"elementor-cta__bg-overlay\"><\/div>\n\t\t\t<\/div>\n\t\t\t\t\t\t\t<div class=\"elementor-cta__content\">\n\t\t\t\t\n\t\t\t\t\t\t\t\t\t<h2 class=\"elementor-cta__title elementor-cta__content-item elementor-content-item\">\n\t\t\t\t\t\t\u00bfQuiere hacer una donaci\u00f3n peri\u00f3dica?\t\t\t\t\t<\/h2>\n\t\t\t\t\n\t\t\t\t\t\t\t\t\t<div class=\"elementor-cta__description elementor-cta__content-item elementor-content-item\">\n\t\t\t\t\t\t<p>Ay\u00fadanos a hacer un cambio a largo plazo a trav\u00e9s de tu regalo sostenible.<\/p>\n\t\t\t\t\t<\/div>\n\t\t\t\t\n\t\t\t\t\t\t\t\t\t<div class=\"elementor-cta__button-wrapper elementor-cta__content-item elementor-content-item \">\n\t\t\t\t\t<a class=\"elementor-cta__button elementor-button elementor-size-\" href=\"http:\/\/54.235.7.55\/donate\/monthly\/\">\n\t\t\t\t\t\tHaga clic aqu\u00ed\t\t\t\t\t<\/a>\n\t\t\t\t\t<\/div>\n\t\t\t\t\t\t\t<\/div>\n\t\t\t\t\t\t<\/div>\n\t\t\t\t\t\t<\/div>\n\t\t\t\t<\/div>\n\t\t\t\t\t<\/div>\n\t\t<\/div>\n\t\t\t\t\t<\/div>\n\t\t<\/section>\n\t\t\t\t\t<\/div>\n\t\t<\/div>\n\t\t\t\t\t<\/div>\n\t\t<\/section>\n\t\t\t\t<section class=\"elementor-section elementor-top-section elementor-element elementor-element-04c1fd5 elementor-section-boxed elementor-section-height-default elementor-section-height-default\" data-id=\"04c1fd5\" data-element_type=\"section\">\n\t\t\t\t\t\t<div class=\"elementor-container elementor-column-gap-default\">\n\t\t\t\t\t<div class=\"elementor-column elementor-col-100 elementor-top-column elementor-element elementor-element-97181c2\" data-id=\"97181c2\" data-element_type=\"column\">\n\t\t\t<div class=\"elementor-widget-wrap elementor-element-populated\">\n\t\t\t\t\t\t<section class=\"elementor-section elementor-inner-section elementor-element elementor-element-0b109ea elementor-section-boxed elementor-section-height-default elementor-section-height-default\" data-id=\"0b109ea\" data-element_type=\"section\">\n\t\t\t\t\t\t<div class=\"elementor-container elementor-column-gap-default\">\n\t\t\t\t\t<div class=\"elementor-column elementor-col-33 elementor-inner-column elementor-element elementor-element-148f312\" data-id=\"148f312\" data-element_type=\"column\">\n\t\t\t<div class=\"elementor-widget-wrap elementor-element-populated\">\n\t\t\t\t\t\t<div class=\"elementor-element elementor-element-2302247 elementor-view-default elementor-position-top elementor-mobile-position-top elementor-widget elementor-widget-icon-box\" data-id=\"2302247\" data-element_type=\"widget\" data-widget_type=\"icon-box.default\">\n\t\t\t\t<div class=\"elementor-widget-container\">\n\t\t\t\t\t\t\t<div class=\"elementor-icon-box-wrapper\">\n\n\t\t\t\t\t\t<div class=\"elementor-icon-box-icon\">\n\t\t\t\t<span  class=\"elementor-icon\">\n\t\t\t\t<i aria-hidden=\"true\" class=\"fas fa-money-check\"><\/i>\t\t\t\t<\/span>\n\t\t\t<\/div>\n\t\t\t\n\t\t\t\t\t\t<div class=\"elementor-icon-box-content\">\n\n\t\t\t\t\t\t\t\t\t<h5 class=\"elementor-icon-box-title\">\n\t\t\t\t\t\t<span  >\n\t\t\t\t\t\t\tDonar con cheque\t\t\t\t\t\t<\/span>\n\t\t\t\t\t<\/h5>\n\t\t\t\t\n\t\t\t\t\t\t\t\t\t<p class=\"elementor-icon-box-description\">\n\t\t\t\t\t\tHaga los cheques a nombre de <strong>Lighthouse<\/strong><br><br>\n\nEnviar por correo a:<br>\nFaro MI<br>\n46156 Woodward Ave<br>\nPontiac, MI 48342\t\t\t\t\t<\/p>\n\t\t\t\t\n\t\t\t<\/div>\n\t\t\t\n\t\t<\/div>\n\t\t\t\t\t\t<\/div>\n\t\t\t\t<\/div>\n\t\t\t\t\t<\/div>\n\t\t<\/div>\n\t\t\t\t<div class=\"elementor-column elementor-col-33 elementor-inner-column elementor-element elementor-element-a2cdfb2\" data-id=\"a2cdfb2\" data-element_type=\"column\">\n\t\t\t<div class=\"elementor-widget-wrap elementor-element-populated\">\n\t\t\t\t\t\t<div class=\"elementor-element elementor-element-a6afb64 elementor-view-default elementor-position-top elementor-mobile-position-top elementor-widget elementor-widget-icon-box\" data-id=\"a6afb64\" data-element_type=\"widget\" data-widget_type=\"icon-box.default\">\n\t\t\t\t<div class=\"elementor-widget-container\">\n\t\t\t\t\t\t\t<div class=\"elementor-icon-box-wrapper\">\n\n\t\t\t\t\t\t<div class=\"elementor-icon-box-icon\">\n\t\t\t\t<span  class=\"elementor-icon\">\n\t\t\t\t<i aria-hidden=\"true\" class=\"fas fa-phone\"><\/i>\t\t\t\t<\/span>\n\t\t\t<\/div>\n\t\t\t\n\t\t\t\t\t\t<div class=\"elementor-icon-box-content\">\n\n\t\t\t\t\t\t\t\t\t<h5 class=\"elementor-icon-box-title\">\n\t\t\t\t\t\t<span  >\n\t\t\t\t\t\t\tDar por tel\u00e9fono\t\t\t\t\t\t<\/span>\n\t\t\t\t\t<\/h5>\n\t\t\t\t\n\t\t\t\t\t\t\t\t\t<p class=\"elementor-icon-box-description\">\n\t\t\t\t\t\tLl\u00e1menos al 248-920-6000 x5 para donar por tel\u00e9fono.<br><br><a href=\"tel:248-920-6000\"><button style=\"border: 1px solid white;\">Llamar ahora<\/button><\/a><br><br>\t\t\t\t\t<\/p>\n\t\t\t\t\n\t\t\t<\/div>\n\t\t\t\n\t\t<\/div>\n\t\t\t\t\t\t<\/div>\n\t\t\t\t<\/div>\n\t\t\t\t\t<\/div>\n\t\t<\/div>\n\t\t\t\t<div class=\"elementor-column elementor-col-33 elementor-inner-column elementor-element elementor-element-7099fae\" data-id=\"7099fae\" data-element_type=\"column\">\n\t\t\t<div class=\"elementor-widget-wrap elementor-element-populated\">\n\t\t\t\t\t\t<div class=\"elementor-element elementor-element-8b64acb elementor-view-default elementor-position-top elementor-mobile-position-top elementor-widget elementor-widget-icon-box\" data-id=\"8b64acb\" data-element_type=\"widget\" data-widget_type=\"icon-box.default\">\n\t\t\t\t<div class=\"elementor-widget-container\">\n\t\t\t\t\t\t\t<div class=\"elementor-icon-box-wrapper\">\n\n\t\t\t\t\t\t<div class=\"elementor-icon-box-icon\">\n\t\t\t\t<span  class=\"elementor-icon\">\n\t\t\t\t<i aria-hidden=\"true\" class=\"fas fa-credit-card\"><\/i>\t\t\t\t<\/span>\n\t\t\t<\/div>\n\t\t\t\n\t\t\t\t\t\t<div class=\"elementor-icon-box-content\">\n\n\t\t\t\t\t\t\t\t\t<h5 class=\"elementor-icon-box-title\">\n\t\t\t\t\t\t<span  >\n\t\t\t\t\t\t\tDar en l\u00ednea\t\t\t\t\t\t<\/span>\n\t\t\t\t\t<\/h5>\n\t\t\t\t\n\t\t\t\t\t\t\t\t\t<p class=\"elementor-icon-box-description\">\n\t\t\t\t\t\tRealice una donaci\u00f3n \u00fanica o peri\u00f3dica mediante cr\u00e9dito, d\u00e9bito o ACH.<br><br><a href=\"http:\/\/54.235.7.55\/es\/donar-ahora\/\"><button style=\"border: 1px solid white;\">M\u00e1s informaci\u00f3n<\/button><\/a><br><br>\t\t\t\t\t<\/p>\n\t\t\t\t\n\t\t\t<\/div>\n\t\t\t\n\t\t<\/div>\n\t\t\t\t\t\t<\/div>\n\t\t\t\t<\/div>\n\t\t\t\t\t<\/div>\n\t\t<\/div>\n\t\t\t\t\t<\/div>\n\t\t<\/section>\n\t\t\t\t\t<\/div>\n\t\t<\/div>\n\t\t\t\t\t<\/div>\n\t\t<\/section>\n\t\t\t\t<\/div>\n\t\t<\/div>","protected":false},"excerpt":{"rendered":"<p>Haga un regalo \u00fanico hoy mismo. Su donaci\u00f3n ayudar\u00e1 a apoyar la misi\u00f3n de Lighthouse de construir comunidades equitativas que alivien la pobreza. Proporcionar\u00e1 refugio de emergencia, alimentos, apoyo a la vivienda, atenci\u00f3n de seguimiento y mucho m\u00e1s a las familias locales necesitadas. \u00bfQuiere hacer una donaci\u00f3n peri\u00f3dica? Ay\u00fadanos a hacer un cambio a largo [&hellip;]<\/p>\n","protected":false},"author":1,"featured_media":0,"parent":2435,"menu_order":0,"comment_status":"closed","ping_status":"closed","template":"","meta":{"_acf_changed":false,"xn-wppe-expiration":[],"xn-wppe-expiration-action":[],"xn-wppe-expiration-prefix":[],"om_disable_all_campaigns":false,"_monsterinsights_skip_tracking":false,"_monsterinsights_sitenote_active":false,"_monsterinsights_sitenote_note":"","_monsterinsights_sitenote_category":0,"footnotes":"","_links_to":"","_links_to_target":""},"class_list":["post-2515","page","type-page","status-publish","hentry"],"acf":[],"yoast_head":"<!-- This site is optimized with the Yoast SEO plugin v24.6 - https:\/\/yoast.com\/wordpress\/plugins\/seo\/ -->\n<title>Donaci\u00f3n \u00fanica - Lighthouse<\/title>\n<meta name=\"robots\" content=\"index, follow, max-snippet:-1, max-image-preview:large, max-video-preview:-1\" \/>\n<link rel=\"canonical\" href=\"https:\/\/lighthousemi.org\/es\/donar-ahora\/donacion-unica\/\" \/>\n<meta property=\"og:locale\" content=\"es_ES\" \/>\n<meta property=\"og:type\" content=\"article\" \/>\n<meta property=\"og:title\" content=\"Donaci\u00f3n \u00fanica - Lighthouse\" \/>\n<meta property=\"og:description\" content=\"Haga un regalo \u00fanico hoy mismo. Su donaci\u00f3n ayudar\u00e1 a apoyar la misi\u00f3n de Lighthouse de construir comunidades equitativas que alivien la pobreza. Proporcionar\u00e1 refugio de emergencia, alimentos, apoyo a la vivienda, atenci\u00f3n de seguimiento y mucho m\u00e1s a las familias locales necesitadas. \u00bfQuiere hacer una donaci\u00f3n peri\u00f3dica? Ay\u00fadanos a hacer un cambio a largo [&hellip;]\" \/>\n<meta property=\"og:url\" content=\"https:\/\/lighthousemi.org\/es\/donar-ahora\/donacion-unica\/\" \/>\n<meta property=\"og:site_name\" content=\"Lighthouse\" \/>\n<meta property=\"article:modified_time\" content=\"2022-12-12T19:27:27+00:00\" \/>\n<meta name=\"twitter:card\" content=\"summary_large_image\" \/>\n<meta name=\"twitter:label1\" content=\"Est. reading time\" \/>\n\t<meta name=\"twitter:data1\" content=\"1 minute\" \/>\n<script type=\"application\/ld+json\" class=\"yoast-schema-graph\">{\"@context\":\"https:\/\/schema.org\",\"@graph\":[{\"@type\":\"WebPage\",\"@id\":\"https:\/\/lighthousemi.org\/es\/donar-ahora\/donacion-unica\/\",\"url\":\"https:\/\/lighthousemi.org\/es\/donar-ahora\/donacion-unica\/\",\"name\":\"Donaci\u00f3n \u00fanica - Lighthouse\",\"isPartOf\":{\"@id\":\"https:\/\/lighthousemi.org\/es\/#website\"},\"datePublished\":\"2022-09-27T09:59:01+00:00\",\"dateModified\":\"2022-12-12T19:27:27+00:00\",\"breadcrumb\":{\"@id\":\"https:\/\/lighthousemi.org\/es\/donar-ahora\/donacion-unica\/#breadcrumb\"},\"inLanguage\":\"es-ES\",\"potentialAction\":[{\"@type\":\"ReadAction\",\"target\":[\"https:\/\/lighthousemi.org\/es\/donar-ahora\/donacion-unica\/\"]}]},{\"@type\":\"BreadcrumbList\",\"@id\":\"https:\/\/lighthousemi.org\/es\/donar-ahora\/donacion-unica\/#breadcrumb\",\"itemListElement\":[{\"@type\":\"ListItem\",\"position\":1,\"name\":\"Home\",\"item\":\"https:\/\/lighthousemi.org\/es\/\"},{\"@type\":\"ListItem\",\"position\":2,\"name\":\"Donar ahora\",\"item\":\"http:\/\/18.117.165.108:80\/es\/donar-ahora\/\"},{\"@type\":\"ListItem\",\"position\":3,\"name\":\"Donaci\u00f3n \u00fanica\"}]},{\"@type\":\"WebSite\",\"@id\":\"https:\/\/lighthousemi.org\/es\/#website\",\"url\":\"https:\/\/lighthousemi.org\/es\/\",\"name\":\"Lighthouse\",\"description\":\"A community action agency building equitable communities that alleviate poverty in partnership with and in service to individuals, families, and organizations.\",\"publisher\":{\"@id\":\"https:\/\/lighthousemi.org\/es\/#organization\"},\"potentialAction\":[{\"@type\":\"SearchAction\",\"target\":{\"@type\":\"EntryPoint\",\"urlTemplate\":\"https:\/\/lighthousemi.org\/es\/?s={search_term_string}\"},\"query-input\":{\"@type\":\"PropertyValueSpecification\",\"valueRequired\":true,\"valueName\":\"search_term_string\"}}],\"inLanguage\":\"es-ES\"},{\"@type\":\"Organization\",\"@id\":\"https:\/\/lighthousemi.org\/es\/#organization\",\"name\":\"Lighthouse\",\"url\":\"https:\/\/lighthousemi.org\/es\/\",\"logo\":{\"@type\":\"ImageObject\",\"inLanguage\":\"es-ES\",\"@id\":\"https:\/\/lighthousemi.org\/es\/#\/schema\/logo\/image\/\",\"url\":\"https:\/\/cdn.lighthousemi.org\/wp-content\/uploads\/2022\/03\/17151455\/LH_Logo_RGB-1.png\",\"contentUrl\":\"https:\/\/cdn.lighthousemi.org\/wp-content\/uploads\/2022\/03\/17151455\/LH_Logo_RGB-1.png\",\"width\":321,\"height\":81,\"caption\":\"Lighthouse\"},\"image\":{\"@id\":\"https:\/\/lighthousemi.org\/es\/#\/schema\/logo\/image\/\"}}]}<\/script>\n<!-- \/ Yoast SEO plugin. -->","yoast_head_json":{"title":"Donaci\u00f3n \u00fanica - Lighthouse","robots":{"index":"index","follow":"follow","max-snippet":"max-snippet:-1","max-image-preview":"max-image-preview:large","max-video-preview":"max-video-preview:-1"},"canonical":"https:\/\/lighthousemi.org\/es\/donar-ahora\/donacion-unica\/","og_locale":"es_ES","og_type":"article","og_title":"Donaci\u00f3n \u00fanica - Lighthouse","og_description":"Haga un regalo \u00fanico hoy mismo. Su donaci\u00f3n ayudar\u00e1 a apoyar la misi\u00f3n de Lighthouse de construir comunidades equitativas que alivien la pobreza. Proporcionar\u00e1 refugio de emergencia, alimentos, apoyo a la vivienda, atenci\u00f3n de seguimiento y mucho m\u00e1s a las familias locales necesitadas. \u00bfQuiere hacer una donaci\u00f3n peri\u00f3dica? Ay\u00fadanos a hacer un cambio a largo [&hellip;]","og_url":"https:\/\/lighthousemi.org\/es\/donar-ahora\/donacion-unica\/","og_site_name":"Lighthouse","article_modified_time":"2022-12-12T19:27:27+00:00","twitter_card":"summary_large_image","twitter_misc":{"Est. reading time":"1 minute"},"schema":{"@context":"https:\/\/schema.org","@graph":[{"@type":"WebPage","@id":"https:\/\/lighthousemi.org\/es\/donar-ahora\/donacion-unica\/","url":"https:\/\/lighthousemi.org\/es\/donar-ahora\/donacion-unica\/","name":"Donaci\u00f3n \u00fanica - Lighthouse","isPartOf":{"@id":"https:\/\/lighthousemi.org\/es\/#website"},"datePublished":"2022-09-27T09:59:01+00:00","dateModified":"2022-12-12T19:27:27+00:00","breadcrumb":{"@id":"https:\/\/lighthousemi.org\/es\/donar-ahora\/donacion-unica\/#breadcrumb"},"inLanguage":"es-ES","potentialAction":[{"@type":"ReadAction","target":["https:\/\/lighthousemi.org\/es\/donar-ahora\/donacion-unica\/"]}]},{"@type":"BreadcrumbList","@id":"https:\/\/lighthousemi.org\/es\/donar-ahora\/donacion-unica\/#breadcrumb","itemListElement":[{"@type":"ListItem","position":1,"name":"Home","item":"https:\/\/lighthousemi.org\/es\/"},{"@type":"ListItem","position":2,"name":"Donar ahora","item":"http:\/\/18.117.165.108:80\/es\/donar-ahora\/"},{"@type":"ListItem","position":3,"name":"Donaci\u00f3n \u00fanica"}]},{"@type":"WebSite","@id":"https:\/\/lighthousemi.org\/es\/#website","url":"https:\/\/lighthousemi.org\/es\/","name":"Lighthouse","description":"A community action agency building equitable communities that alleviate poverty in partnership with and in service to individuals, families, and organizations.","publisher":{"@id":"https:\/\/lighthousemi.org\/es\/#organization"},"potentialAction":[{"@type":"SearchAction","target":{"@type":"EntryPoint","urlTemplate":"https:\/\/lighthousemi.org\/es\/?s={search_term_string}"},"query-input":{"@type":"PropertyValueSpecification","valueRequired":true,"valueName":"search_term_string"}}],"inLanguage":"es-ES"},{"@type":"Organization","@id":"https:\/\/lighthousemi.org\/es\/#organization","name":"Lighthouse","url":"https:\/\/lighthousemi.org\/es\/","logo":{"@type":"ImageObject","inLanguage":"es-ES","@id":"https:\/\/lighthousemi.org\/es\/#\/schema\/logo\/image\/","url":"https:\/\/cdn.lighthousemi.org\/wp-content\/uploads\/2022\/03\/17151455\/LH_Logo_RGB-1.png","contentUrl":"https:\/\/cdn.lighthousemi.org\/wp-content\/uploads\/2022\/03\/17151455\/LH_Logo_RGB-1.png","width":321,"height":81,"caption":"Lighthouse"},"image":{"@id":"https:\/\/lighthousemi.org\/es\/#\/schema\/logo\/image\/"}}]}},"_links":{"self":[{"href":"https:\/\/lighthousemi.org\/es\/wp-json\/wp\/v2\/pages\/2515","targetHints":{"allow":["GET"]}}],"collection":[{"href":"https:\/\/lighthousemi.org\/es\/wp-json\/wp\/v2\/pages"}],"about":[{"href":"https:\/\/lighthousemi.org\/es\/wp-json\/wp\/v2\/types\/page"}],"author":[{"embeddable":true,"href":"https:\/\/lighthousemi.org\/es\/wp-json\/wp\/v2\/users\/1"}],"replies":[{"embeddable":true,"href":"https:\/\/lighthousemi.org\/es\/wp-json\/wp\/v2\/comments?post=2515"}],"version-history":[{"count":0,"href":"https:\/\/lighthousemi.org\/es\/wp-json\/wp\/v2\/pages\/2515\/revisions"}],"up":[{"embeddable":true,"href":"https:\/\/lighthousemi.org\/es\/wp-json\/wp\/v2\/pages\/2435"}],"wp:attachment":[{"href":"https:\/\/lighthousemi.org\/es\/wp-json\/wp\/v2\/media?parent=2515"}],"curies":[{"name":"wp","href":"https:\/\/api.w.org\/{rel}","templated":true}]}}