{"id":2415,"date":"2022-08-25T10:40:33","date_gmt":"2022-08-25T14:40:33","guid":{"rendered":"http:\/\/54.235.7.55\/politica-de-privacidad\/"},"modified":"2022-10-13T14:11:34","modified_gmt":"2022-10-13T18:11:34","slug":"politica-de-privacidad","status":"publish","type":"page","link":"https:\/\/lighthousemi.org\/es\/politica-de-privacidad\/","title":{"rendered":"Pol\u00edtica de privacidad"},"content":{"rendered":"<div id=\"modal-ready\">\t\t<div data-elementor-type=\"wp-page\" data-elementor-id=\"2415\" class=\"elementor elementor-2415 elementor-45\" data-elementor-post-type=\"page\">\n\t\t\t\t\t\t<section class=\"elementor-section elementor-top-section elementor-element elementor-element-ef6e650 elementor-section-boxed elementor-section-height-default elementor-section-height-default\" data-id=\"ef6e650\" data-element_type=\"section\">\n\t\t\t\t\t\t<div class=\"elementor-container elementor-column-gap-default\">\n\t\t\t\t\t<div class=\"elementor-column elementor-col-100 elementor-top-column elementor-element elementor-element-e566aa5\" data-id=\"e566aa5\" data-element_type=\"column\">\n\t\t\t<div class=\"elementor-widget-wrap elementor-element-populated\">\n\t\t\t\t\t\t<div class=\"elementor-element elementor-element-5c87a7a elementor-widget elementor-widget-text-editor\" data-id=\"5c87a7a\" data-element_type=\"widget\" data-widget_type=\"text-editor.default\">\n\t\t\t\t<div class=\"elementor-widget-container\">\n\t\t\t\t\t\t\t\t\t<p><span style=\"caret-color: #000000; color: #000000; white-space: pre-wrap;\">Lighthouse MI respeta la privacidad de nuestros clientes, donantes, socios y voluntarios. Lighthouse no comparte informaci\u00f3n personal con terceros: toda la informaci\u00f3n es de uso interno.<\/p>\n<p>Se puede recoger informaci\u00f3n de las personas que hacen una donaci\u00f3n, asisten a un evento, son voluntarios o se inscriben en nuestra lista de correo electr\u00f3nico en l\u00ednea. Si, en cualquier momento, desea eliminar cualquier informaci\u00f3n de nuestra lista de correo electr\u00f3nico o base de datos, anule su suscripci\u00f3n o p\u00f3ngase en contacto con el equipo de Lighthouse en contact@lighthousemi.org.<\/p>\n<p>Esta pol\u00edtica de privacidad se aplica a la informaci\u00f3n recogida en persona o en l\u00ednea en www.lighthousemi.org. Tenga en cuenta que nuestro sitio web puede incluir enlaces a otros sitios web de colaboradores, socios, etc. Lighthouse no es responsable de la informaci\u00f3n recogida en ning\u00fan sitio web externo y los usuarios deben familiarizarse siempre con la pol\u00edtica de privacidad de cada sitio web antes de introducir informaci\u00f3n personal.<\/p>\n<p>-El equipo de Lighthouse<br \/><\/span><\/p>\n\t\t\t\t\t\t\t\t<\/div>\n\t\t\t\t<\/div>\n\t\t\t\t\t<\/div>\n\t\t<\/div>\n\t\t\t\t\t<\/div>\n\t\t<\/section>\n\t\t\t\t<\/div>\n\t\t<\/div>","protected":false},"excerpt":{"rendered":"<p>Lighthouse MI respeta la privacidad de nuestros clientes, donantes, socios y voluntarios. Lighthouse no comparte informaci\u00f3n personal con terceros: toda la informaci\u00f3n es de uso interno. Se puede recoger informaci\u00f3n de las personas que hacen una donaci\u00f3n, asisten a un evento, son voluntarios o se inscriben en nuestra lista de correo electr\u00f3nico en l\u00ednea. Si, [&hellip;]<\/p>\n","protected":false},"author":10,"featured_media":0,"parent":0,"menu_order":0,"comment_status":"closed","ping_status":"closed","template":"","meta":{"_acf_changed":false,"xn-wppe-expiration":[],"xn-wppe-expiration-action":[],"xn-wppe-expiration-prefix":[],"om_disable_all_campaigns":false,"_monsterinsights_skip_tracking":false,"_monsterinsights_sitenote_active":false,"_monsterinsights_sitenote_note":"","_monsterinsights_sitenote_category":0,"footnotes":"","_links_to":"","_links_to_target":""},"class_list":["post-2415","page","type-page","status-publish","hentry"],"acf":[],"yoast_head":"<!-- This site is optimized with the Yoast SEO plugin v24.6 - https:\/\/yoast.com\/wordpress\/plugins\/seo\/ -->\n<title>Pol\u00edtica de privacidad - Lighthouse<\/title>\n<meta name=\"robots\" content=\"index, follow, max-snippet:-1, max-image-preview:large, max-video-preview:-1\" \/>\n<link rel=\"canonical\" href=\"https:\/\/lighthousemi.org\/es\/politica-de-privacidad\/\" \/>\n<meta property=\"og:locale\" content=\"es_ES\" \/>\n<meta property=\"og:type\" content=\"article\" \/>\n<meta property=\"og:title\" content=\"Pol\u00edtica de privacidad - Lighthouse\" \/>\n<meta property=\"og:description\" content=\"Lighthouse MI respeta la privacidad de nuestros clientes, donantes, socios y voluntarios. Lighthouse no comparte informaci\u00f3n personal con terceros: toda la informaci\u00f3n es de uso interno. Se puede recoger informaci\u00f3n de las personas que hacen una donaci\u00f3n, asisten a un evento, son voluntarios o se inscriben en nuestra lista de correo electr\u00f3nico en l\u00ednea. Si, [&hellip;]\" \/>\n<meta property=\"og:url\" content=\"https:\/\/lighthousemi.org\/es\/politica-de-privacidad\/\" \/>\n<meta property=\"og:site_name\" content=\"Lighthouse\" \/>\n<meta property=\"article:modified_time\" content=\"2022-10-13T18:11:34+00:00\" \/>\n<meta name=\"twitter:card\" content=\"summary_large_image\" \/>\n<meta name=\"twitter:label1\" content=\"Est. reading time\" \/>\n\t<meta name=\"twitter:data1\" content=\"1 minute\" \/>\n<script type=\"application\/ld+json\" class=\"yoast-schema-graph\">{\"@context\":\"https:\/\/schema.org\",\"@graph\":[{\"@type\":\"WebPage\",\"@id\":\"https:\/\/lighthousemi.org\/es\/politica-de-privacidad\/\",\"url\":\"https:\/\/lighthousemi.org\/es\/politica-de-privacidad\/\",\"name\":\"Pol\u00edtica de privacidad - Lighthouse\",\"isPartOf\":{\"@id\":\"https:\/\/lighthousemi.org\/es\/#website\"},\"datePublished\":\"2022-08-25T14:40:33+00:00\",\"dateModified\":\"2022-10-13T18:11:34+00:00\",\"breadcrumb\":{\"@id\":\"https:\/\/lighthousemi.org\/es\/politica-de-privacidad\/#breadcrumb\"},\"inLanguage\":\"es-ES\",\"potentialAction\":[{\"@type\":\"ReadAction\",\"target\":[\"https:\/\/lighthousemi.org\/es\/politica-de-privacidad\/\"]}]},{\"@type\":\"BreadcrumbList\",\"@id\":\"https:\/\/lighthousemi.org\/es\/politica-de-privacidad\/#breadcrumb\",\"itemListElement\":[{\"@type\":\"ListItem\",\"position\":1,\"name\":\"Home\",\"item\":\"https:\/\/lighthousemi.org\/es\/\"},{\"@type\":\"ListItem\",\"position\":2,\"name\":\"Pol\u00edtica de privacidad\"}]},{\"@type\":\"WebSite\",\"@id\":\"https:\/\/lighthousemi.org\/es\/#website\",\"url\":\"https:\/\/lighthousemi.org\/es\/\",\"name\":\"Lighthouse\",\"description\":\"A community action agency building equitable communities that alleviate poverty in partnership with and in service to individuals, families, and organizations.\",\"publisher\":{\"@id\":\"https:\/\/lighthousemi.org\/es\/#organization\"},\"potentialAction\":[{\"@type\":\"SearchAction\",\"target\":{\"@type\":\"EntryPoint\",\"urlTemplate\":\"https:\/\/lighthousemi.org\/es\/?s={search_term_string}\"},\"query-input\":{\"@type\":\"PropertyValueSpecification\",\"valueRequired\":true,\"valueName\":\"search_term_string\"}}],\"inLanguage\":\"es-ES\"},{\"@type\":\"Organization\",\"@id\":\"https:\/\/lighthousemi.org\/es\/#organization\",\"name\":\"Lighthouse\",\"url\":\"https:\/\/lighthousemi.org\/es\/\",\"logo\":{\"@type\":\"ImageObject\",\"inLanguage\":\"es-ES\",\"@id\":\"https:\/\/lighthousemi.org\/es\/#\/schema\/logo\/image\/\",\"url\":\"https:\/\/cdn.lighthousemi.org\/wp-content\/uploads\/2022\/03\/17151455\/LH_Logo_RGB-1.png\",\"contentUrl\":\"https:\/\/cdn.lighthousemi.org\/wp-content\/uploads\/2022\/03\/17151455\/LH_Logo_RGB-1.png\",\"width\":321,\"height\":81,\"caption\":\"Lighthouse\"},\"image\":{\"@id\":\"https:\/\/lighthousemi.org\/es\/#\/schema\/logo\/image\/\"}}]}<\/script>\n<!-- \/ Yoast SEO plugin. -->","yoast_head_json":{"title":"Pol\u00edtica de privacidad - Lighthouse","robots":{"index":"index","follow":"follow","max-snippet":"max-snippet:-1","max-image-preview":"max-image-preview:large","max-video-preview":"max-video-preview:-1"},"canonical":"https:\/\/lighthousemi.org\/es\/politica-de-privacidad\/","og_locale":"es_ES","og_type":"article","og_title":"Pol\u00edtica de privacidad - Lighthouse","og_description":"Lighthouse MI respeta la privacidad de nuestros clientes, donantes, socios y voluntarios. Lighthouse no comparte informaci\u00f3n personal con terceros: toda la informaci\u00f3n es de uso interno. Se puede recoger informaci\u00f3n de las personas que hacen una donaci\u00f3n, asisten a un evento, son voluntarios o se inscriben en nuestra lista de correo electr\u00f3nico en l\u00ednea. Si, [&hellip;]","og_url":"https:\/\/lighthousemi.org\/es\/politica-de-privacidad\/","og_site_name":"Lighthouse","article_modified_time":"2022-10-13T18:11:34+00:00","twitter_card":"summary_large_image","twitter_misc":{"Est. reading time":"1 minute"},"schema":{"@context":"https:\/\/schema.org","@graph":[{"@type":"WebPage","@id":"https:\/\/lighthousemi.org\/es\/politica-de-privacidad\/","url":"https:\/\/lighthousemi.org\/es\/politica-de-privacidad\/","name":"Pol\u00edtica de privacidad - Lighthouse","isPartOf":{"@id":"https:\/\/lighthousemi.org\/es\/#website"},"datePublished":"2022-08-25T14:40:33+00:00","dateModified":"2022-10-13T18:11:34+00:00","breadcrumb":{"@id":"https:\/\/lighthousemi.org\/es\/politica-de-privacidad\/#breadcrumb"},"inLanguage":"es-ES","potentialAction":[{"@type":"ReadAction","target":["https:\/\/lighthousemi.org\/es\/politica-de-privacidad\/"]}]},{"@type":"BreadcrumbList","@id":"https:\/\/lighthousemi.org\/es\/politica-de-privacidad\/#breadcrumb","itemListElement":[{"@type":"ListItem","position":1,"name":"Home","item":"https:\/\/lighthousemi.org\/es\/"},{"@type":"ListItem","position":2,"name":"Pol\u00edtica de privacidad"}]},{"@type":"WebSite","@id":"https:\/\/lighthousemi.org\/es\/#website","url":"https:\/\/lighthousemi.org\/es\/","name":"Lighthouse","description":"A community action agency building equitable communities that alleviate poverty in partnership with and in service to individuals, families, and organizations.","publisher":{"@id":"https:\/\/lighthousemi.org\/es\/#organization"},"potentialAction":[{"@type":"SearchAction","target":{"@type":"EntryPoint","urlTemplate":"https:\/\/lighthousemi.org\/es\/?s={search_term_string}"},"query-input":{"@type":"PropertyValueSpecification","valueRequired":true,"valueName":"search_term_string"}}],"inLanguage":"es-ES"},{"@type":"Organization","@id":"https:\/\/lighthousemi.org\/es\/#organization","name":"Lighthouse","url":"https:\/\/lighthousemi.org\/es\/","logo":{"@type":"ImageObject","inLanguage":"es-ES","@id":"https:\/\/lighthousemi.org\/es\/#\/schema\/logo\/image\/","url":"https:\/\/cdn.lighthousemi.org\/wp-content\/uploads\/2022\/03\/17151455\/LH_Logo_RGB-1.png","contentUrl":"https:\/\/cdn.lighthousemi.org\/wp-content\/uploads\/2022\/03\/17151455\/LH_Logo_RGB-1.png","width":321,"height":81,"caption":"Lighthouse"},"image":{"@id":"https:\/\/lighthousemi.org\/es\/#\/schema\/logo\/image\/"}}]}},"_links":{"self":[{"href":"https:\/\/lighthousemi.org\/es\/wp-json\/wp\/v2\/pages\/2415","targetHints":{"allow":["GET"]}}],"collection":[{"href":"https:\/\/lighthousemi.org\/es\/wp-json\/wp\/v2\/pages"}],"about":[{"href":"https:\/\/lighthousemi.org\/es\/wp-json\/wp\/v2\/types\/page"}],"author":[{"embeddable":true,"href":"https:\/\/lighthousemi.org\/es\/wp-json\/wp\/v2\/users\/10"}],"replies":[{"embeddable":true,"href":"https:\/\/lighthousemi.org\/es\/wp-json\/wp\/v2\/comments?post=2415"}],"version-history":[{"count":0,"href":"https:\/\/lighthousemi.org\/es\/wp-json\/wp\/v2\/pages\/2415\/revisions"}],"wp:attachment":[{"href":"https:\/\/lighthousemi.org\/es\/wp-json\/wp\/v2\/media?parent=2415"}],"curies":[{"name":"wp","href":"https:\/\/api.w.org\/{rel}","templated":true}]}}